{"id":52,"date":"2020-05-04T13:07:38","date_gmt":"2020-05-04T11:07:38","guid":{"rendered":"http:\/\/accsens.eu\/?page_id=52"},"modified":"2020-10-16T18:34:10","modified_gmt":"2020-10-16T16:34:10","slug":"tarifs","status":"publish","type":"page","link":"https:\/\/accsens.eu\/index.php\/tarifs\/","title":{"rendered":"Tarifs"},"content":{"rendered":"<p><img loading=\"lazy\" decoding=\"async\" class=\"size-medium wp-image-116 alignleft\" src=\"https:\/\/accsens.eu\/wp-content\/uploads\/2020\/05\/business-1297925_1280-300x248.png\" alt=\"\" width=\"300\" height=\"248\" srcset=\"https:\/\/accsens.eu\/wp-content\/uploads\/2020\/05\/business-1297925_1280-300x248.png 300w, https:\/\/accsens.eu\/wp-content\/uploads\/2020\/05\/business-1297925_1280-1024x848.png 1024w, https:\/\/accsens.eu\/wp-content\/uploads\/2020\/05\/business-1297925_1280-768x636.png 768w, https:\/\/accsens.eu\/wp-content\/uploads\/2020\/05\/business-1297925_1280.png 1280w\" sizes=\"auto, (max-width: 300px) 100vw, 300px\" \/><\/p>\r\n\r\n<p class=\"has-background has-text-align-left has-very-light-gray-background-color\">La formation professionnelle est prise en charge par plusieurs dispositifs nationaux. Parmi les plus connus, il y a :<\/p>\r\n\r\n\r\n\r\n<ul class=\"wp-block-list\">\r\n<li>Le<strong> <a href=\"https:\/\/www.moncompteformation.gouv.fr\/espace-prive\/html\/#\/\" target=\"_blank\" rel=\"noreferrer noopener\">CPF<\/a><\/strong>\u00a0est une solution de financement \u00e0 la condition d\u2019avoir d\u00e9j\u00e0 pu cotiser des heures de formation dans son pr\u00e9c\u00e9dent ou actuel parcours professionnel.<\/li>\r\n<li>L\u2019<strong><a href=\"https:\/\/www.pole-emploi.fr\/candidat\/en-formation\/mes-aides-financieres\/laide-individuelle-a-la-formatio.html\" target=\"_blank\" rel=\"noreferrer noopener\">AIF<\/a><\/strong>, l\u2019Aide Individuelle \u00e0 la Formation, est vers\u00e9e par P\u00f4le Emploi lorsque vous \u00eates inscrit\u00b7e \u00e0 Pole Emploi, que vous avez valid\u00e9 un projet de formation avec votre conseiller ou conseill\u00e8re et qu&rsquo;aucune autre aide n&rsquo;est possible.<\/li>\r\n<li>L&rsquo; <a href=\"https:\/\/www.pole-emploi.fr\/candidat\/en-formation\/mes-aides-financieres\/laction-de-formation-conventionn.html\"><strong>AFC<\/strong><\/a>, l&rsquo;Action de Formation Continue, vers\u00e9e par P\u00f4le Emploi, vise \u00e0 combler un \u00e9cart entre les comp\u00e9tences d\u00e9tenues par le demandeur ou la demandeuse d&#8217;emploi et les exigences du march\u00e9 du travail.<\/li>\r\n<li>L\u2019<strong><a href=\"https:\/\/www.agefiph.fr\/services-et-aides-financieres\" target=\"_blank\" rel=\"noreferrer noopener\">Agefiph<\/a><\/strong> est le fond de financement pour les personnes en situation de handicap.<\/li>\r\n<li>Le <a href=\"https:\/\/www.caissedesdepots.fr\/dif-elus\"><em><strong>DIF Elu<\/strong><\/em><\/a> vise le financement de toutes les formations n\u00e9cessaires \u00e0\u00a0 l\u2019exercice du mandat d\u2019un ou d&rsquo;une \u00e9lue, voire les formations n\u00e9cessaires \u00e0 leur r\u00e9insertion professionnelle \u00e0 l\u2019issue de ce mandat.\u00a0<\/li>\r\n<\/ul>\r\n\r\n\r\n\r\n<p>Avant toute chose, il faut bien comprendre que chaque demande est sp\u00e9cifique. D&rsquo;ailleurs, les Conseils D\u00e9partementaux peuvent \u00e9galement aider au financement des formations selon les besoins et tensions li\u00e9es au territoire. Alors, prenez le temps de voir comment financer votre formation ou <strong><a href=\"https:\/\/accsens.eu\/index.php\/me-contacter-2\/\">contactez-moi<\/a><\/strong> directement pour en discuter!<\/p>\r\n\r\n\r\n\r\n<p>&nbsp;<\/p>\r\n\r\n\r\n\r\n<figure class=\"wp-block-image size-large\"><img loading=\"lazy\" decoding=\"async\" width=\"595\" height=\"842\" class=\"wp-image-105\" src=\"https:\/\/accsens.eu\/wp-content\/uploads\/2020\/05\/Tarifs-Accompagnements.jpg\" alt=\"\" srcset=\"https:\/\/accsens.eu\/wp-content\/uploads\/2020\/05\/Tarifs-Accompagnements.jpg 595w, https:\/\/accsens.eu\/wp-content\/uploads\/2020\/05\/Tarifs-Accompagnements-212x300.jpg 212w\" sizes=\"auto, (max-width: 595px) 100vw, 595px\" \/><\/figure>\r\n","protected":false},"excerpt":{"rendered":"<p>La formation professionnelle est prise en charge par plusieurs dispositifs nationaux. Parmi les plus connus, il y a : Le CPF\u00a0est une solution de financement \u00e0 la condition d\u2019avoir d\u00e9j\u00e0 pu cotiser des heures de formation dans son pr\u00e9c\u00e9dent ou actuel parcours professionnel. L\u2019AIF, l\u2019Aide Individuelle \u00e0 la Formation, est vers\u00e9e par P\u00f4le Emploi lorsque &hellip; <\/p>\n<p class=\"link-more\"><a href=\"https:\/\/accsens.eu\/index.php\/tarifs\/\" class=\"more-link\">Continuer la lecture<span class=\"screen-reader-text\"> de &laquo;&nbsp;Tarifs&nbsp;&raquo;<\/span><\/a><\/p>\n","protected":false},"author":1,"featured_media":0,"parent":0,"menu_order":0,"comment_status":"closed","ping_status":"closed","template":"","meta":{"footnotes":""},"class_list":["post-52","page","type-page","status-publish","hentry"],"jetpack_sharing_enabled":true,"_links":{"self":[{"href":"https:\/\/accsens.eu\/index.php\/wp-json\/wp\/v2\/pages\/52","targetHints":{"allow":["GET"]}}],"collection":[{"href":"https:\/\/accsens.eu\/index.php\/wp-json\/wp\/v2\/pages"}],"about":[{"href":"https:\/\/accsens.eu\/index.php\/wp-json\/wp\/v2\/types\/page"}],"author":[{"embeddable":true,"href":"https:\/\/accsens.eu\/index.php\/wp-json\/wp\/v2\/users\/1"}],"replies":[{"embeddable":true,"href":"https:\/\/accsens.eu\/index.php\/wp-json\/wp\/v2\/comments?post=52"}],"version-history":[{"count":12,"href":"https:\/\/accsens.eu\/index.php\/wp-json\/wp\/v2\/pages\/52\/revisions"}],"predecessor-version":[{"id":285,"href":"https:\/\/accsens.eu\/index.php\/wp-json\/wp\/v2\/pages\/52\/revisions\/285"}],"wp:attachment":[{"href":"https:\/\/accsens.eu\/index.php\/wp-json\/wp\/v2\/media?parent=52"}],"curies":[{"name":"wp","href":"https:\/\/api.w.org\/{rel}","templated":true}]}}