{"id":47,"date":"2020-05-04T13:07:38","date_gmt":"2020-05-04T11:07:38","guid":{"rendered":"http:\/\/accsens.eu\/?page_id=47"},"modified":"2021-03-31T13:36:02","modified_gmt":"2021-03-31T11:36:02","slug":"presentation","status":"publish","type":"page","link":"https:\/\/accsens.eu\/index.php\/presentation\/","title":{"rendered":"Pr\u00e9sentation"},"content":{"rendered":"\r\n<h2 class=\"wp-block-heading\"><span style=\"color: #009bb8;\">Voici une br\u00e8ve pr\u00e9sentation <\/span><span style=\"color: #009bb8;\">de ce que je vous propose :<\/span>\r\n\r\n<\/h2>\r\n<div style=\"width: 525px;\" class=\"wp-video\"><video class=\"wp-video-shortcode\" id=\"video-47-1\" width=\"525\" height=\"297\" preload=\"metadata\" controls=\"controls\"><source type=\"video\/mp4\" src=\"https:\/\/accsens.eu\/wp-content\/uploads\/2020\/10\/v-5f7b249c9378d.mp4?_=1\" \/><a href=\"https:\/\/accsens.eu\/wp-content\/uploads\/2020\/10\/v-5f7b249c9378d.mp4\">https:\/\/accsens.eu\/wp-content\/uploads\/2020\/10\/v-5f7b249c9378d.mp4<\/a><\/video><\/div>\r\n\r\n\r\n\r\n<h2 class=\"wp-block-heading\"><span style=\"color: #009bb8;\">ainsi que de mon parcours et de mes comp\u00e9tences<\/span><\/h2>\r\n\r\n\r\n\r\n\r\n\r\n<ul class=\"wp-block-social-links is-layout-flex wp-block-social-links-is-layout-flex\"><li class=\"wp-social-link wp-social-link-chain  wp-block-social-link\"><a href=\"https:\/\/view.genial.ly\/5eb003d963d2e50d3\" class=\"wp-block-social-link-anchor\"><svg width=\"24\" height=\"24\" viewBox=\"0 0 24 24\" version=\"1.1\" xmlns=\"http:\/\/www.w3.org\/2000\/svg\" aria-hidden=\"true\" focusable=\"false\"><path d=\"M15.6,7.2H14v1.5h1.6c2,0,3.7,1.7,3.7,3.7s-1.7,3.7-3.7,3.7H14v1.5h1.6c2.8,0,5.2-2.3,5.2-5.2,0-2.9-2.3-5.2-5.2-5.2zM4.7,12.4c0-2,1.7-3.7,3.7-3.7H10V7.2H8.4c-2.9,0-5.2,2.3-5.2,5.2,0,2.9,2.3,5.2,5.2,5.2H10v-1.5H8.4c-2,0-3.7-1.7-3.7-3.7zm4.6.9h5.3v-1.5H9.3v1.5z\"><\/path><\/svg><span class=\"wp-block-social-link-label screen-reader-text\">Lien<\/span><\/a><\/li>\r\n\r\n<li class=\"wp-social-link wp-social-link-wordpress  wp-block-social-link\"><a href=\"https:\/\/wordpress.org\" class=\"wp-block-social-link-anchor\"><svg width=\"24\" height=\"24\" viewBox=\"0 0 24 24\" version=\"1.1\" xmlns=\"http:\/\/www.w3.org\/2000\/svg\" aria-hidden=\"true\" focusable=\"false\"><path d=\"M12.158,12.786L9.46,20.625c0.806,0.237,1.657,0.366,2.54,0.366c1.047,0,2.051-0.181,2.986-0.51 c-0.024-0.038-0.046-0.079-0.065-0.124L12.158,12.786z M3.009,12c0,3.559,2.068,6.634,5.067,8.092L3.788,8.341 C3.289,9.459,3.009,10.696,3.009,12z M18.069,11.546c0-1.112-0.399-1.881-0.741-2.48c-0.456-0.741-0.883-1.368-0.883-2.109 c0-0.826,0.627-1.596,1.51-1.596c0.04,0,0.078,0.005,0.116,0.007C16.472,3.904,14.34,3.009,12,3.009 c-3.141,0-5.904,1.612-7.512,4.052c0.211,0.007,0.41,0.011,0.579,0.011c0.94,0,2.396-0.114,2.396-0.114 C7.947,6.93,8.004,7.642,7.52,7.699c0,0-0.487,0.057-1.029,0.085l3.274,9.739l1.968-5.901l-1.401-3.838 C9.848,7.756,9.389,7.699,9.389,7.699C8.904,7.67,8.961,6.93,9.446,6.958c0,0,1.484,0.114,2.368,0.114 c0.94,0,2.397-0.114,2.397-0.114c0.485-0.028,0.542,0.684,0.057,0.741c0,0-0.488,0.057-1.029,0.085l3.249,9.665l0.897-2.996 C17.841,13.284,18.069,12.316,18.069,11.546z M19.889,7.686c0.039,0.286,0.06,0.593,0.06,0.924c0,0.912-0.171,1.938-0.684,3.22 l-2.746,7.94c2.673-1.558,4.47-4.454,4.47-7.771C20.991,10.436,20.591,8.967,19.889,7.686z M12,22C6.486,22,2,17.514,2,12 C2,6.486,6.486,2,12,2c5.514,0,10,4.486,10,10C22,17.514,17.514,22,12,22z\"><\/path><\/svg><span class=\"wp-block-social-link-label screen-reader-text\">WordPress<\/span><\/a><\/li>\r\n\r\n\r\n\r\n\r\n\r\n\r\n\r\n\r\n\r\n<\/ul>\r\n<p>\r\n\r\n<\/p>\r\n<div style='width: 100%;'><div style='position: relative; padding-bottom:56.25%; padding-top: 0; height: 0;'><iframe frameborder='0' width='1200' height='675' style='position:absolute; top: 0; left: 0; width: 100%; height: 100%;' src='https:\/\/view.genially.com\/5eb003d963d2e50d3e70ffcb' type='text\/html' allowscriptaccess='always' allowfullscreen='true' scrolling='yes' allownetworking='all'><\/iframe><\/div><\/div>","protected":false},"excerpt":{"rendered":"<p>Voici une br\u00e8ve pr\u00e9sentation de ce que je vous propose : ainsi que de mon parcours et de mes comp\u00e9tences<\/p>\n","protected":false},"author":1,"featured_media":0,"parent":0,"menu_order":0,"comment_status":"closed","ping_status":"closed","template":"","meta":{"footnotes":""},"class_list":["post-47","page","type-page","status-publish","hentry"],"jetpack_sharing_enabled":true,"_links":{"self":[{"href":"https:\/\/accsens.eu\/index.php\/wp-json\/wp\/v2\/pages\/47","targetHints":{"allow":["GET"]}}],"collection":[{"href":"https:\/\/accsens.eu\/index.php\/wp-json\/wp\/v2\/pages"}],"about":[{"href":"https:\/\/accsens.eu\/index.php\/wp-json\/wp\/v2\/types\/page"}],"author":[{"embeddable":true,"href":"https:\/\/accsens.eu\/index.php\/wp-json\/wp\/v2\/users\/1"}],"replies":[{"embeddable":true,"href":"https:\/\/accsens.eu\/index.php\/wp-json\/wp\/v2\/comments?post=47"}],"version-history":[{"count":20,"href":"https:\/\/accsens.eu\/index.php\/wp-json\/wp\/v2\/pages\/47\/revisions"}],"predecessor-version":[{"id":325,"href":"https:\/\/accsens.eu\/index.php\/wp-json\/wp\/v2\/pages\/47\/revisions\/325"}],"wp:attachment":[{"href":"https:\/\/accsens.eu\/index.php\/wp-json\/wp\/v2\/media?parent=47"}],"curies":[{"name":"wp","href":"https:\/\/api.w.org\/{rel}","templated":true}]}}